{"id":104029,"date":"2024-08-23T14:51:24","date_gmt":"2024-08-23T18:51:24","guid":{"rendered":"https:\/\/williamspharma.ca\/photo-credits\/"},"modified":"2026-01-09T13:25:33","modified_gmt":"2026-01-09T18:25:33","slug":"photo-credits","status":"publish","type":"page","link":"https:\/\/williamspharma.ca\/fr\/photo-credits\/","title":{"rendered":"Cr\u00e9dits photos"},"content":{"rendered":"<p>[et_pb_section fb_built=\u00a0\u00bb1&Prime; admin_label=\u00a0\u00bbsection\u00a0\u00bb _builder_version=\u00a0\u00bb4.27.2&Prime; custom_margin=\u00a0\u00bb2em|3em|2em|3em|false|true\u00a0\u00bb global_colors_info=\u00a0\u00bb{}\u00a0\u00bb][et_pb_row admin_label=\u00a0\u00bbrow\u00a0\u00bb _builder_version=\u00a0\u00bb4.16&Prime; background_size=\u00a0\u00bbinitial\u00a0\u00bb background_position=\u00a0\u00bbtop_left\u00a0\u00bb background_repeat=\u00a0\u00bbrepeat\u00a0\u00bb global_colors_info=\u00a0\u00bb{}\u00a0\u00bb][et_pb_column type=\u00a0\u00bb4_4&Prime; _builder_version=\u00a0\u00bb4.16&Prime; custom_padding=\u00a0\u00bb|||\u00a0\u00bb global_colors_info=\u00a0\u00bb{}\u00a0\u00bb custom_padding__hover=\u00a0\u00bb|||\u00a0\u00bb][et_pb_text admin_label=\u00a0\u00bbText\u00a0\u00bb _builder_version=\u00a0\u00bb4.27.2&Prime; background_size=\u00a0\u00bbinitial\u00a0\u00bb background_position=\u00a0\u00bbtop_left\u00a0\u00bb background_repeat=\u00a0\u00bbrepeat\u00a0\u00bb hover_enabled=\u00a0\u00bb0&Prime; global_colors_info=\u00a0\u00bb{}\u00a0\u00bb sticky_enabled=\u00a0\u00bb0&Prime;]<\/p>\n<p><strong>Cr\u00e9dits photos<\/strong><\/p>\n<p>Les photos affich\u00e9es sur ce site Web proviennent des sites Web suivants :<\/p>\n<ul>\n<li><a href=\"https:\/\/www.theglobeandmail.com\/\">The Globe and Mail<\/a><\/li>\n<li><a href=\"https:\/\/freepik.com\">Freepik.com<\/a><\/li>\n<li><a href=\"https:\/\/unsplash.com\/\">unsplash<\/a><\/li>\n<li><a href=\"https:\/\/www.pentictonherald.ca\/\">Penticton Herald<\/a><\/li>\n<li><a href=\"http:\/\/www.lachainemeteo.ch\">www.lachainemeteo.ch<\/a><\/li>\n<li><a href=\"http:\/\/www.destinationvancouver.com\">www.destinationvancouver.com<\/a><\/li>\n<li><a href=\"http:\/\/williamspharma.ca\">www.williamspharma.ca<\/a><\/li>\n<li>salutcanada.ca<\/li>\n<\/ul>\n<p>Nous remercions ces plateformes pour leurs images de haute qualit\u00e9. Tous les droits sur les photos restent la propri\u00e9t\u00e9 de leurs d\u00e9tenteurs respectifs.<\/p>\n<p>[\/et_pb_text][\/et_pb_column][\/et_pb_row][\/et_pb_section]<\/p>\n","protected":false},"excerpt":{"rendered":"<p>Cr\u00e9dits photos Les photos affich\u00e9es sur ce site Web proviennent des sites Web suivants : The Globe and Mail Freepik.com unsplash Penticton Herald www.lachainemeteo.ch www.destinationvancouver.com www.williamspharma.ca salutcanada.ca Nous remercions ces plateformes pour leurs images de haute qualit\u00e9. Tous les droits sur les photos restent la propri\u00e9t\u00e9 de leurs d\u00e9tenteurs respectifs.<\/p>\n","protected":false},"author":1,"featured_media":0,"parent":0,"menu_order":0,"comment_status":"closed","ping_status":"closed","template":"","meta":{"_acf_changed":false,"_et_pb_use_builder":"on","_et_pb_old_content":"","_et_gb_content_width":"","footnotes":""},"class_list":["post-104029","page","type-page","status-publish","hentry"],"acf":[],"_links":{"self":[{"href":"https:\/\/williamspharma.ca\/fr\/wp-json\/wp\/v2\/pages\/104029","targetHints":{"allow":["GET"]}}],"collection":[{"href":"https:\/\/williamspharma.ca\/fr\/wp-json\/wp\/v2\/pages"}],"about":[{"href":"https:\/\/williamspharma.ca\/fr\/wp-json\/wp\/v2\/types\/page"}],"author":[{"embeddable":true,"href":"https:\/\/williamspharma.ca\/fr\/wp-json\/wp\/v2\/users\/1"}],"replies":[{"embeddable":true,"href":"https:\/\/williamspharma.ca\/fr\/wp-json\/wp\/v2\/comments?post=104029"}],"version-history":[{"count":7,"href":"https:\/\/williamspharma.ca\/fr\/wp-json\/wp\/v2\/pages\/104029\/revisions"}],"predecessor-version":[{"id":104036,"href":"https:\/\/williamspharma.ca\/fr\/wp-json\/wp\/v2\/pages\/104029\/revisions\/104036"}],"wp:attachment":[{"href":"https:\/\/williamspharma.ca\/fr\/wp-json\/wp\/v2\/media?parent=104029"}],"curies":[{"name":"wp","href":"https:\/\/api.w.org\/{rel}","templated":true}]}}