

 

{"id":102896,"date":"2025-04-11T13:09:53","date_gmt":"2025-04-11T17:09:53","guid":{"rendered":"https:\/\/williamspharma.ca\/?page_id=102896"},"modified":"2025-05-23T15:13:48","modified_gmt":"2025-05-23T19:13:48","slug":"calendrier-feries","status":"publish","type":"page","link":"https:\/\/williamspharma.ca\/fr\/calendrier-feries\/","title":{"rendered":"Calendrier f\u00e9ri\u00e9s"},"content":{"rendered":"<p>[et_pb_section fb_built=\u00a0\u00bb1&Prime; _builder_version=\u00a0\u00bb4.27.0&Prime; _module_preset=\u00a0\u00bbdefault\u00a0\u00bb custom_padding=\u00a0\u00bb3px||0px||false|false\u00a0\u00bb global_colors_info=\u00a0\u00bb{}\u00a0\u00bb][et_pb_row _builder_version=\u00a0\u00bb4.27.0&Prime; _module_preset=\u00a0\u00bbdefault\u00a0\u00bb global_colors_info=\u00a0\u00bb{}\u00a0\u00bb][et_pb_column type=\u00a0\u00bb4_4&Prime; _builder_version=\u00a0\u00bb4.23.3&Prime; _module_preset=\u00a0\u00bbdefault\u00a0\u00bb global_colors_info=\u00a0\u00bb{}\u00a0\u00bb][dipl_double_color_heading heading_pre_part=\u00a0\u00bbCalendrier des jours\u00a0\u00bb heading_main_part=\u00a0\u00bbf\u00e9ri\u00e9s\u00a0\u00bb _builder_version=\u00a0\u00bb4.27.2&Prime; _module_preset=\u00a0\u00bbdefault\u00a0\u00bb global_heading_settings_text_align=\u00a0\u00bbleft\u00a0\u00bb pre_header_font=\u00a0\u00bb||||||||\u00a0\u00bb pre_header_text_color=\u00a0\u00bb#0A0000&Prime; pre_header_font_size=\u00a0\u00bb42px\u00a0\u00bb pre_header_line_height=\u00a0\u00bb1.1em\u00a0\u00bb main_header_font=\u00a0\u00bb|600|||||||\u00a0\u00bb main_header_text_color=\u00a0\u00bb#ECB800&Prime; main_header_font_size=\u00a0\u00bb42px\u00a0\u00bb custom_margin=\u00a0\u00bb||10px||false|false\u00a0\u00bb custom_padding=\u00a0\u00bb|||0px|false|false\u00a0\u00bb pre_header_font_size_tablet=\u00a0\u00bb38px\u00a0\u00bb pre_header_font_size_phone=\u00a0\u00bb32px\u00a0\u00bb pre_header_font_size_last_edited=\u00a0\u00bbon|desktop\u00a0\u00bb main_header_font_size_tablet=\u00a0\u00bb38px\u00a0\u00bb main_header_font_size_phone=\u00a0\u00bb32px\u00a0\u00bb main_header_font_size_last_edited=\u00a0\u00bbon|tablet\u00a0\u00bb locked=\u00a0\u00bboff\u00a0\u00bb global_colors_info=\u00a0\u00bb{}\u00a0\u00bb][\/dipl_double_color_heading][dipl_separator seprator_thickness=\u00a0\u00bb2px\u00a0\u00bb separator_color=\u00a0\u00bb#ECB800&Prime; _builder_version=\u00a0\u00bb4.27.0&Prime; _module_preset=\u00a0\u00bbdefault\u00a0\u00bb width=\u00a0\u00bb3vw\u00a0\u00bb max_width=\u00a0\u00bb3vw\u00a0\u00bb module_alignment=\u00a0\u00bbleft\u00a0\u00bb locked=\u00a0\u00bboff\u00a0\u00bb global_colors_info=\u00a0\u00bb{}\u00a0\u00bb][\/dipl_separator][\/et_pb_column][\/et_pb_row][et_pb_row _builder_version=\u00a0\u00bb4.27.0&Prime; _module_preset=\u00a0\u00bbdefault\u00a0\u00bb global_colors_info=\u00a0\u00bb{}\u00a0\u00bb][et_pb_column type=\u00a0\u00bb4_4&Prime; _builder_version=\u00a0\u00bb4.27.0&Prime; _module_preset=\u00a0\u00bbdefault\u00a0\u00bb global_colors_info=\u00a0\u00bb{}\u00a0\u00bb][et_pb_code _builder_version=\u00a0\u00bb4.27.2&Prime; _module_preset=\u00a0\u00bbdefault\u00a0\u00bb global_colors_info=\u00a0\u00bb{}\u00a0\u00bb]<div class=\"frm_grid_container with_frm_style frm-grid-view\" style=\"--v-tl-grid-column:span 12\/span 12;grid-gap: 20px 2%;\">\n<div>\n<div class=\"frm_grid_container frm_no_grid_750\">\n<div class=\"frm12\">\n<p>Voici la liste des jours f\u00e9ri\u00e9s au Canada pour l&rsquo;ann\u00e9e 2026, pendant lesquels les op\u00e9rations de Williams Pharmalogistique seront suspendues.<\/p>\n<p>Pour toute question ou pr\u00e9occupation, notre service client est \u00e0 votre disposition pour vous fournir des clarifications.<\/p>\n<\/p>\n<\/div>\n<\/div>\n<\/div>\n<\/div>\n[\/et_pb_code][et_pb_code _builder_version=\u00a0\u00bb4.27.2&Prime; _module_preset=\u00a0\u00bbdefault\u00a0\u00bb global_colors_info=\u00a0\u00bb{}\u00a0\u00bb]<table class=\"with_frm_style frm-responsive-table frm-alt-table\">\n<thead>\n<tr>\n<th>Date<\/th>\n<th>F\u00e9ri\u00e9<\/th>\n<th>Provinces<\/th>\n<th><\/th>\n<\/tr>\n<\/thead>\n<tbody>\n<tr>\n<td style='--v-responsive-table-label:\"Date\";'>01\/01\/2026<\/td>\n<td style='--v-responsive-table-label:\"F\u00e9ri\u00e9\";'>Jour de l&rsquo;An<\/td>\n<td style='--v-responsive-table-label:\"Provinces\";'>National <\/td>\n<td style='--v-responsive-table-label:\"\";'>\n<\/td>\n<\/tr>\n<tr>\n<td style='--v-responsive-table-label:\"Date\";'>16\/02\/2026<\/td>\n<td style='--v-responsive-table-label:\"F\u00e9ri\u00e9\";'>F\u00eate de la famille<\/td>\n<td style='--v-responsive-table-label:\"Provinces\";'>National &#8211; \u00c0 l\u2019exception de: QC<\/td>\n<td style='--v-responsive-table-label:\"\";'>\n<\/td>\n<\/tr>\n<tr>\n<td style='--v-responsive-table-label:\"Date\";'>03\/04\/2026<\/td>\n<td style='--v-responsive-table-label:\"F\u00e9ri\u00e9\";'>Vendredi saint<\/td>\n<td style='--v-responsive-table-label:\"Provinces\";'>National &#8211; \u00c0 l\u2019exception de: QC<\/td>\n<td style='--v-responsive-table-label:\"\";'>\n<\/td>\n<\/tr>\n<tr>\n<td style='--v-responsive-table-label:\"Date\";'>06\/04\/2026<\/td>\n<td style='--v-responsive-table-label:\"F\u00e9ri\u00e9\";'>Lundi de P\u00e2ques<\/td>\n<td style='--v-responsive-table-label:\"Provinces\";'>QC seulement <\/td>\n<td style='--v-responsive-table-label:\"\";'>\n<\/td>\n<\/tr>\n<tr>\n<td style='--v-responsive-table-label:\"Date\";'>18\/05\/2026<\/td>\n<td style='--v-responsive-table-label:\"F\u00e9ri\u00e9\";'>F\u00eate de la Reine<\/td>\n<td style='--v-responsive-table-label:\"Provinces\";'>National <\/td>\n<td style='--v-responsive-table-label:\"\";'>\n<\/td>\n<\/tr>\n<tr>\n<td style='--v-responsive-table-label:\"Date\";'>24\/06\/2026<\/td>\n<td style='--v-responsive-table-label:\"F\u00e9ri\u00e9\";'>F\u00eate nationale du Qu\u00e9bec<\/td>\n<td style='--v-responsive-table-label:\"Provinces\";'>QC seulement <\/td>\n<td style='--v-responsive-table-label:\"\";'>\n<\/td>\n<\/tr>\n<tr>\n<td style='--v-responsive-table-label:\"Date\";'>01\/07\/2026<\/td>\n<td style='--v-responsive-table-label:\"F\u00e9ri\u00e9\";'>F\u00eate du Canada<\/td>\n<td style='--v-responsive-table-label:\"Provinces\";'>National <\/td>\n<td style='--v-responsive-table-label:\"\";'>\n<\/td>\n<\/tr>\n<tr>\n<td style='--v-responsive-table-label:\"Date\";'>03\/08\/2026<\/td>\n<td style='--v-responsive-table-label:\"F\u00e9ri\u00e9\";'>Cong\u00e9 civique<\/td>\n<td style='--v-responsive-table-label:\"Provinces\";'>National &#8211; \u00c0 l\u2019exception de: PE, QC<\/td>\n<td style='--v-responsive-table-label:\"\";'>\n<\/td>\n<\/tr>\n<tr>\n<td style='--v-responsive-table-label:\"Date\";'>07\/09\/2026<\/td>\n<td style='--v-responsive-table-label:\"F\u00e9ri\u00e9\";'>F\u00eate du Travail<\/td>\n<td style='--v-responsive-table-label:\"Provinces\";'>National <\/td>\n<td style='--v-responsive-table-label:\"\";'>\n<\/td>\n<\/tr>\n<tr>\n<td style='--v-responsive-table-label:\"Date\";'>30\/09\/2026<\/td>\n<td style='--v-responsive-table-label:\"F\u00e9ri\u00e9\";'>Journ\u00e9e nationale de la v\u00e9rit\u00e9 et de la r\u00e9conciliation<\/td>\n<td style='--v-responsive-table-label:\"Provinces\";'>Ouvert <\/td>\n<td style='--v-responsive-table-label:\"\";'>\n<\/td>\n<\/tr>\n<tr>\n<td style='--v-responsive-table-label:\"Date\";'>12\/10\/2026<\/td>\n<td style='--v-responsive-table-label:\"F\u00e9ri\u00e9\";'>Action de gr\u00e2ce<\/td>\n<td style='--v-responsive-table-label:\"Provinces\";'>National <\/td>\n<td style='--v-responsive-table-label:\"\";'>\n<\/td>\n<\/tr>\n<tr>\n<td style='--v-responsive-table-label:\"Date\";'>11\/11\/2026<\/td>\n<td style='--v-responsive-table-label:\"F\u00e9ri\u00e9\";'>Jour du Souvenir<\/td>\n<td style='--v-responsive-table-label:\"Provinces\";'>National &#8211; \u00c0 l\u2019exception de: MB, NS, ON, QC<\/td>\n<td style='--v-responsive-table-label:\"\";'>\n<\/td>\n<\/tr>\n<tr>\n<td style='--v-responsive-table-label:\"Date\";'>25\/12\/2026<\/td>\n<td style='--v-responsive-table-label:\"F\u00e9ri\u00e9\";'>Jour de No\u00ebl<\/td>\n<td style='--v-responsive-table-label:\"Provinces\";'>National <\/td>\n<td style='--v-responsive-table-label:\"\";'>\n<\/td>\n<\/tr>\n<tr>\n<td style='--v-responsive-table-label:\"Date\";'>26\/12\/2026<\/td>\n<td style='--v-responsive-table-label:\"F\u00e9ri\u00e9\";'>Lendemain de No\u00ebl &#8211; (observ\u00e9 le lundi 28\/12)<\/td>\n<td style='--v-responsive-table-label:\"Provinces\";'>National <\/td>\n<td style='--v-responsive-table-label:\"\";'>\n<\/td>\n<\/tr>\n<tr>\n<td style='--v-responsive-table-label:\"Date\";'>01\/01\/2027<\/td>\n<td style='--v-responsive-table-label:\"F\u00e9ri\u00e9\";'>Jour de l&rsquo;An<\/td>\n<td style='--v-responsive-table-label:\"Provinces\";'>National <\/td>\n<td style='--v-responsive-table-label:\"\";'>\n<\/td>\n<\/tr>\n<\/tbody>\n<\/table>\n[\/et_pb_code][\/et_pb_column][\/et_pb_row][\/et_pb_section][et_pb_section fb_built=\u00a0\u00bb1&Prime; _builder_version=\u00a0\u00bb4.27.0&Prime; _module_preset=\u00a0\u00bbdefault\u00a0\u00bb background_color=\u00a0\u00bb#ECB800&Prime; custom_margin=\u00a0\u00bb0px||0px||false|false\u00a0\u00bb custom_padding=\u00a0\u00bb0px||0px||false|false\u00a0\u00bb global_colors_info=\u00a0\u00bb{}\u00a0\u00bb][et_pb_row _builder_version=\u00a0\u00bb4.27.0&Prime; _module_preset=\u00a0\u00bbdefault\u00a0\u00bb global_colors_info=\u00a0\u00bb{}\u00a0\u00bb][et_pb_column type=\u00a0\u00bb4_4&Prime; _builder_version=\u00a0\u00bb4.27.0&Prime; _module_preset=\u00a0\u00bbdefault\u00a0\u00bb global_colors_info=\u00a0\u00bb{}\u00a0\u00bb][\/et_pb_column][\/et_pb_row][\/et_pb_section]<\/p>\n","protected":false},"excerpt":{"rendered":"<p><div class=\"et_pb_module dipl_double_color_heading dipl_double_color_heading_0 \">\n\t\t\t\t\n\t\t\t\t\n\t\t\t\t\n\t\t\t\t\n\t\t\t\t\n\t\t\t\t\n\t\t\t\t<div class=\"et_pb_module_inner\">\n\t\t\t\t\t<div class=\"dipl_text_wrapper\"><h2><span class=\"dipl_pre_text\">Calendrier des jours<\/span><span class=\"dipl_main_text\">f\u00e9ri\u00e9s<\/span><\/h2><\/div>\n\t\t\t\t<\/div>\n\t\t\t<\/div><div class=\"et_pb_module dipl_separator dipl_separator_0\">\n\t\t\t\t\n\t\t\t\t\n\t\t\t\t\n\t\t\t\t\n\t\t\t\t\n\t\t\t\t\n\t\t\t\t<div class=\"et_pb_module_inner\">\n\t\t\t\t\t<div class=\"dipl_separator_container align_none\">\n\t\t\t\t\t\t\t\t\t<div class=\"dipl_line dipl_line_before\"><\/div>\n\t\t\t\t\t\t\t\t\t\t\n\t\t\t\t\t\t\t\t\t\t\n\t\t\t\t\t\t\t\t\t\t\n\t\t\t\t\t\t\t\t\t<div class=\"dipl_line dipl_line_after\"><\/div>\n\t\t\t\t\t\t\t\t<\/div>\n\t\t\t\t<\/div>\n\t\t\t<\/div><div class=\"frm_grid_container with_frm_style frm-grid-view\" style=\"--v-tl-grid-column:span 12\/span 12;grid-gap: 20px 2%;\">\n<div>\n<div class=\"frm_grid_container frm_no_grid_750\">\n<div class=\"frm12\">\n<p>Voici la liste des jours f\u00e9ri\u00e9s au Canada pour l&rsquo;ann\u00e9e 2026, pendant lesquels les op\u00e9rations de Williams Pharmalogistique seront suspendues.<\/p>\n<p>Pour toute question ou pr\u00e9occupation, notre service client est \u00e0 votre disposition pour vous fournir des clarifications.<\/p>\n<\/p>\n<\/div>\n<\/div>\n<\/div>\n<\/div>\n<table class=\"with_frm_style frm-responsive-table frm-alt-table\">\n<thead>\n<tr>\n<th>Date<\/th>\n<th>F\u00e9ri\u00e9<\/th>\n<th>Provinces<\/th>\n<th><\/th>\n<\/tr>\n<\/thead>\n<tbody>\n<tr>\n<td style='--v-responsive-table-label:\"Date\";'>01\/01\/2026<\/td>\n<td style='--v-responsive-table-label:\"F\u00e9ri\u00e9\";'>Jour de l&rsquo;An<\/td>\n<td style='--v-responsive-table-label:\"Provinces\";'>National <\/td>\n<td style='--v-responsive-table-label:\"\";'>\n<\/td>\n<\/tr>\n<tr>\n<td style='--v-responsive-table-label:\"Date\";'>16\/02\/2026<\/td>\n<td style='--v-responsive-table-label:\"F\u00e9ri\u00e9\";'>F\u00eate de la famille<\/td>\n<td style='--v-responsive-table-label:\"Provinces\";'>National &#8211; \u00c0 l\u2019exception de: QC<\/td>\n<td style='--v-responsive-table-label:\"\";'>\n<\/td>\n<\/tr>\n<tr>\n<td style='--v-responsive-table-label:\"Date\";'>03\/04\/2026<\/td>\n<td style='--v-responsive-table-label:\"F\u00e9ri\u00e9\";'>Vendredi saint<\/td>\n<td style='--v-responsive-table-label:\"Provinces\";'>National &#8211; \u00c0 l\u2019exception de: QC<\/td>\n<td style='--v-responsive-table-label:\"\";'>\n<\/td>\n<\/tr>\n<tr>\n<td style='--v-responsive-table-label:\"Date\";'>06\/04\/2026<\/td>\n<td style='--v-responsive-table-label:\"F\u00e9ri\u00e9\";'>Lundi de P\u00e2ques<\/td>\n<td style='--v-responsive-table-label:\"Provinces\";'>QC seulement <\/td>\n<td style='--v-responsive-table-label:\"\";'>\n<\/td>\n<\/tr>\n<tr>\n<td style='--v-responsive-table-label:\"Date\";'>18\/05\/2026<\/td>\n<td style='--v-responsive-table-label:\"F\u00e9ri\u00e9\";'>F\u00eate de la Reine<\/td>\n<td style='--v-responsive-table-label:\"Provinces\";'>National <\/td>\n<td style='--v-responsive-table-label:\"\";'>\n<\/td>\n<\/tr>\n<tr>\n<td style='--v-responsive-table-label:\"Date\";'>24\/06\/2026<\/td>\n<td style='--v-responsive-table-label:\"F\u00e9ri\u00e9\";'>F\u00eate nationale du Qu\u00e9bec<\/td>\n<td style='--v-responsive-table-label:\"Provinces\";'>QC seulement <\/td>\n<td style='--v-responsive-table-label:\"\";'>\n<\/td>\n<\/tr>\n<tr>\n<td style='--v-responsive-table-label:\"Date\";'>01\/07\/2026<\/td>\n<td style='--v-responsive-table-label:\"F\u00e9ri\u00e9\";'>F\u00eate du Canada<\/td>\n<td style='--v-responsive-table-label:\"Provinces\";'>National <\/td>\n<td style='--v-responsive-table-label:\"\";'>\n<\/td>\n<\/tr>\n<tr>\n<td style='--v-responsive-table-label:\"Date\";'>03\/08\/2026<\/td>\n<td style='--v-responsive-table-label:\"F\u00e9ri\u00e9\";'>Cong\u00e9 civique<\/td>\n<td style='--v-responsive-table-label:\"Provinces\";'>National &#8211; \u00c0 l\u2019exception de: PE, QC<\/td>\n<td style='--v-responsive-table-label:\"\";'>\n<\/td>\n<\/tr>\n<tr>\n<td style='--v-responsive-table-label:\"Date\";'>07\/09\/2026<\/td>\n<td style='--v-responsive-table-label:\"F\u00e9ri\u00e9\";'>F\u00eate du Travail<\/td>\n<td style='--v-responsive-table-label:\"Provinces\";'>National <\/td>\n<td style='--v-responsive-table-label:\"\";'>\n<\/td>\n<\/tr>\n<tr>\n<td style='--v-responsive-table-label:\"Date\";'>30\/09\/2026<\/td>\n<td style='--v-responsive-table-label:\"F\u00e9ri\u00e9\";'>Journ\u00e9e nationale de la v\u00e9rit\u00e9 et de la r\u00e9conciliation<\/td>\n<td style='--v-responsive-table-label:\"Provinces\";'>Ouvert <\/td>\n<td style='--v-responsive-table-label:\"\";'>\n<\/td>\n<\/tr>\n<tr>\n<td style='--v-responsive-table-label:\"Date\";'>12\/10\/2026<\/td>\n<td style='--v-responsive-table-label:\"F\u00e9ri\u00e9\";'>Action de gr\u00e2ce<\/td>\n<td style='--v-responsive-table-label:\"Provinces\";'>National <\/td>\n<td style='--v-responsive-table-label:\"\";'>\n<\/td>\n<\/tr>\n<tr>\n<td style='--v-responsive-table-label:\"Date\";'>11\/11\/2026<\/td>\n<td style='--v-responsive-table-label:\"F\u00e9ri\u00e9\";'>Jour du Souvenir<\/td>\n<td style='--v-responsive-table-label:\"Provinces\";'>National &#8211; \u00c0 l\u2019exception de: MB, NS, ON, QC<\/td>\n<td style='--v-responsive-table-label:\"\";'>\n<\/td>\n<\/tr>\n<tr>\n<td style='--v-responsive-table-label:\"Date\";'>25\/12\/2026<\/td>\n<td style='--v-responsive-table-label:\"F\u00e9ri\u00e9\";'>Jour de No\u00ebl<\/td>\n<td style='--v-responsive-table-label:\"Provinces\";'>National <\/td>\n<td style='--v-responsive-table-label:\"\";'>\n<\/td>\n<\/tr>\n<tr>\n<td style='--v-responsive-table-label:\"Date\";'>26\/12\/2026<\/td>\n<td style='--v-responsive-table-label:\"F\u00e9ri\u00e9\";'>Lendemain de No\u00ebl &#8211; (observ\u00e9 le lundi 28\/12)<\/td>\n<td style='--v-responsive-table-label:\"Provinces\";'>National <\/td>\n<td style='--v-responsive-table-label:\"\";'>\n<\/td>\n<\/tr>\n<tr>\n<td style='--v-responsive-table-label:\"Date\";'>01\/01\/2027<\/td>\n<td style='--v-responsive-table-label:\"F\u00e9ri\u00e9\";'>Jour de l&rsquo;An<\/td>\n<td style='--v-responsive-table-label:\"Provinces\";'>National <\/td>\n<td style='--v-responsive-table-label:\"\";'>\n<\/td>\n<\/tr>\n<\/tbody>\n<\/table>\n<\/p>\n","protected":false},"author":1,"featured_media":0,"parent":0,"menu_order":0,"comment_status":"closed","ping_status":"closed","template":"","meta":{"_acf_changed":false,"_et_pb_use_builder":"on","_et_pb_old_content":"","_et_gb_content_width":"","footnotes":""},"class_list":["post-102896","page","type-page","status-publish","hentry"],"acf":[],"_links":{"self":[{"href":"https:\/\/williamspharma.ca\/fr\/wp-json\/wp\/v2\/pages\/102896","targetHints":{"allow":["GET"]}}],"collection":[{"href":"https:\/\/williamspharma.ca\/fr\/wp-json\/wp\/v2\/pages"}],"about":[{"href":"https:\/\/williamspharma.ca\/fr\/wp-json\/wp\/v2\/types\/page"}],"author":[{"embeddable":true,"href":"https:\/\/williamspharma.ca\/fr\/wp-json\/wp\/v2\/users\/1"}],"replies":[{"embeddable":true,"href":"https:\/\/williamspharma.ca\/fr\/wp-json\/wp\/v2\/comments?post=102896"}],"version-history":[{"count":6,"href":"https:\/\/williamspharma.ca\/fr\/wp-json\/wp\/v2\/pages\/102896\/revisions"}],"predecessor-version":[{"id":103099,"href":"https:\/\/williamspharma.ca\/fr\/wp-json\/wp\/v2\/pages\/102896\/revisions\/103099"}],"wp:attachment":[{"href":"https:\/\/williamspharma.ca\/fr\/wp-json\/wp\/v2\/media?parent=102896"}],"curies":[{"name":"wp","href":"https:\/\/api.w.org\/{rel}","templated":true}]}}