{"id":102182,"date":"2024-05-23T23:55:07","date_gmt":"2024-05-24T03:55:07","guid":{"rendered":"https:\/\/williamspharma.ca\/fuelsurcharge\/"},"modified":"2024-10-11T10:26:34","modified_gmt":"2024-10-11T14:26:34","slug":"supplement-pour-carburant","status":"publish","type":"page","link":"https:\/\/williamspharma.ca\/fr\/supplement-pour-carburant\/","title":{"rendered":"Suppl\u00e9ment pour carburant"},"content":{"rendered":"<p>[et_pb_section fb_built=\u00a0\u00bb1&Prime; admin_label=\u00a0\u00bbSection\u00a0\u00bb _builder_version=\u00a0\u00bb4.25.1&Prime; _module_preset=\u00a0\u00bbdefault\u00a0\u00bb custom_margin=\u00a0\u00bb||0px||false|false\u00a0\u00bb custom_padding=\u00a0\u00bb50px||0px||false|false\u00a0\u00bb global_colors_info=\u00a0\u00bb{}\u00a0\u00bb][et_pb_row _builder_version=\u00a0\u00bb4.27.0&Prime; _module_preset=\u00a0\u00bbdefault\u00a0\u00bb width_tablet=\u00a0\u00bb80%\u00a0\u00bb width_phone=\u00a0\u00bb80%\u00a0\u00bb width_last_edited=\u00a0\u00bbon|tablet\u00a0\u00bb custom_padding=\u00a0\u00bb||0px||false|false\u00a0\u00bb locked=\u00a0\u00bboff\u00a0\u00bb global_colors_info=\u00a0\u00bb{}\u00a0\u00bb][et_pb_column type=\u00a0\u00bb4_4&Prime; _builder_version=\u00a0\u00bb4.25.0&Prime; _module_preset=\u00a0\u00bbdefault\u00a0\u00bb global_colors_info=\u00a0\u00bb{}\u00a0\u00bb][dipl_double_color_heading heading_pre_part=\u00a0\u00bbSuppl\u00e9ment pour\u00a0\u00bb heading_main_part=\u00a0\u00bbcarburant\u00a0\u00bb _builder_version=\u00a0\u00bb4.27.2&Prime; _module_preset=\u00a0\u00bbdefault\u00a0\u00bb global_heading_settings_text_align=\u00a0\u00bbleft\u00a0\u00bb pre_header_font=\u00a0\u00bb||||||||\u00a0\u00bb pre_header_font_size=\u00a0\u00bb42px\u00a0\u00bb main_header_font=\u00a0\u00bb|600|||||||\u00a0\u00bb main_header_text_color=\u00a0\u00bb#ECB800&Prime; main_header_font_size=\u00a0\u00bb42px\u00a0\u00bb custom_margin=\u00a0\u00bb||10px||false|false\u00a0\u00bb pre_header_font_size_tablet=\u00a0\u00bb38px\u00a0\u00bb pre_header_font_size_phone=\u00a0\u00bb32px\u00a0\u00bb pre_header_font_size_last_edited=\u00a0\u00bbon|desktop\u00a0\u00bb main_header_font_size_tablet=\u00a0\u00bb38px\u00a0\u00bb main_header_font_size_phone=\u00a0\u00bb32px\u00a0\u00bb main_header_font_size_last_edited=\u00a0\u00bbon|tablet\u00a0\u00bb locked=\u00a0\u00bboff\u00a0\u00bb global_colors_info=\u00a0\u00bb{}\u00a0\u00bb][\/dipl_double_color_heading][et_pb_divider color=\u00a0\u00bb#ECB742&Prime; divider_weight=\u00a0\u00bb2px\u00a0\u00bb admin_label=\u00a0\u00bbS\u00e9parateur\u00a0\u00bb _builder_version=\u00a0\u00bb4.27.0&Prime; _module_preset=\u00a0\u00bbdefault\u00a0\u00bb width=\u00a0\u00bb4vw\u00a0\u00bb custom_margin=\u00a0\u00bb-1px||0px||false|false\u00a0\u00bb custom_padding=\u00a0\u00bb||0px||false|false\u00a0\u00bb global_colors_info=\u00a0\u00bb{}\u00a0\u00bb][\/et_pb_divider][et_pb_text admin_label=\u00a0\u00bbTexte\u00a0\u00bb _builder_version=\u00a0\u00bb4.27.2&Prime; _module_preset=\u00a0\u00bbdefault\u00a0\u00bb custom_margin=\u00a0\u00bb0.2vw||||false|false\u00a0\u00bb global_colors_info=\u00a0\u00bb{}\u00a0\u00bb]<\/p>\n<p>Pour s\u2019assurer que les frais suppl\u00e9mentaires de carburant de Williams refl\u00e8te le mieux possible les co\u00fbts de service malgr\u00e9 les fluctuations du march\u00e9, il est fix\u00e9 sur une base hebdomadaire. Chaque lundi, un nouveau suppl\u00e9ment de carburant entre en vigueur, et il fluctue en fonction du prix du diesel publi\u00e9 le mardi pr\u00e9c\u00e9dent par Ressources naturelles Canada.<\/p>\n<p>[\/et_pb_text][\/et_pb_column][\/et_pb_row][\/et_pb_section][et_pb_section fb_built=\u00a0\u00bb1&Prime; _builder_version=\u00a0\u00bb4.25.1&Prime; _module_preset=\u00a0\u00bbdefault\u00a0\u00bb custom_margin=\u00a0\u00bb||0px||false|false\u00a0\u00bb custom_padding=\u00a0\u00bb0.5vw||0px||false|false\u00a0\u00bb global_colors_info=\u00a0\u00bb{}\u00a0\u00bb][et_pb_row column_structure=\u00a0\u00bb1_2,1_2&Prime; custom_padding_last_edited=\u00a0\u00bbon|desktop\u00a0\u00bb disabled_on=\u00a0\u00bboff|off|off\u00a0\u00bb module_class=\u00a0\u00bbtwo-col-tab\u00a0\u00bb _builder_version=\u00a0\u00bb4.27.0&Prime; _module_preset=\u00a0\u00bbdefault\u00a0\u00bb width_tablet=\u00a0\u00bb80%\u00a0\u00bb width_phone=\u00a0\u00bb80%\u00a0\u00bb width_last_edited=\u00a0\u00bbon|tablet\u00a0\u00bb max_width=\u00a0\u00bb198020px\u00a0\u00bb custom_margin=\u00a0\u00bb0px||1vw||false|false\u00a0\u00bb custom_margin_tablet=\u00a0\u00bb0px||1vw||false|false\u00a0\u00bb custom_margin_phone=\u00a0\u00bb8vw||0vw||false|false\u00a0\u00bb custom_margin_last_edited=\u00a0\u00bbon|phone\u00a0\u00bb custom_padding=\u00a0\u00bb0px||0px||false|false\u00a0\u00bb custom_padding_tablet=\u00a0\u00bb0px||0px||false|false\u00a0\u00bb custom_padding_phone=\u00a0\u00bb||0px||false|false\u00a0\u00bb locked=\u00a0\u00bboff\u00a0\u00bb global_colors_info=\u00a0\u00bb{}\u00a0\u00bb][et_pb_column type=\u00a0\u00bb1_2&Prime; _builder_version=\u00a0\u00bb4.25.1&Prime; _module_preset=\u00a0\u00bbdefault\u00a0\u00bb custom_padding=\u00a0\u00bb2vw||||false|false\u00a0\u00bb global_colors_info=\u00a0\u00bb{}\u00a0\u00bb][et_pb_de_mach_archive_loop post_type_choose=\u00a0\u00bbfuel_surcharge\u00a0\u00bb loop_layout=\u00a0\u00bb254&Prime; no_posts_layout=\u00a0\u00bb716&Prime; is_main_loop=\u00a0\u00bboff\u00a0\u00bb posts_number=\u00a0\u00bb1&Prime; related_content_categories=\u00a0\u00bbpost_cats\u00a0\u00bb include_sticky_posts=\u00a0\u00bboff\u00a0\u00bb sort_order=\u00a0\u00bbacf_date_picker\u00a0\u00bb acf_date_picker_field=\u00a0\u00bbfield_6653948f7b270&Prime; order_asc_desc=\u00a0\u00bbDESC\u00a0\u00bb columns=\u00a0\u00bb1&Prime; columns_tablet=\u00a0\u00bb1&Prime; module_id=\u00a0\u00bbdown\u00a0\u00bb _builder_version=\u00a0\u00bb4.25.1&Prime; _module_preset=\u00a0\u00bbdefault\u00a0\u00bb width_tablet=\u00a0\u00bb\u00a0\u00bb width_phone=\u00a0\u00bb\u00a0\u00bb width_last_edited=\u00a0\u00bbon|phone\u00a0\u00bb max_width=\u00a0\u00bb550px\u00a0\u00bb custom_margin_tablet=\u00a0\u00bb\u00a0\u00bb custom_margin_phone=\u00a0\u00bb||0px||false|false\u00a0\u00bb custom_margin_last_edited=\u00a0\u00bbon|phone\u00a0\u00bb custom_padding=\u00a0\u00bb||0px||false|false\u00a0\u00bb locked=\u00a0\u00bboff\u00a0\u00bb global_colors_info=\u00a0\u00bb{}\u00a0\u00bb][\/et_pb_de_mach_archive_loop][\/et_pb_column][et_pb_column type=\u00a0\u00bb1_2&Prime; _builder_version=\u00a0\u00bb4.25.0&Prime; _module_preset=\u00a0\u00bbdefault\u00a0\u00bb global_colors_info=\u00a0\u00bb{}\u00a0\u00bb][et_pb_text module_id=\u00a0\u00bbhide\u00a0\u00bb _builder_version=\u00a0\u00bb4.27.2&Prime; _module_preset=\u00a0\u00bbdefault\u00a0\u00bb header_3_font=\u00a0\u00bb|700|||||||\u00a0\u00bb header_3_font_size=\u00a0\u00bb18px\u00a0\u00bb custom_margin=\u00a0\u00bb2vw||0px||false|false\u00a0\u00bb custom_margin_tablet=\u00a0\u00bb2vw||0px||false|false\u00a0\u00bb custom_margin_phone=\u00a0\u00bb0vw||0px||false|false\u00a0\u00bb custom_margin_last_edited=\u00a0\u00bbon|phone\u00a0\u00bb custom_padding=\u00a0\u00bb||10px||false|false\u00a0\u00bb border_color_all=\u00a0\u00bb#e8e8e8&Prime; global_colors_info=\u00a0\u00bb{}\u00a0\u00bb]<\/p>\n<h3>Historique des suppl\u00e9ments<\/h3>\n<p>[\/et_pb_text][et_pb_divider color=\u00a0\u00bb#ECB742&Prime; divider_weight=\u00a0\u00bb2px\u00a0\u00bb module_id=\u00a0\u00bbhide2&Prime; _builder_version=\u00a0\u00bb4.27.0&Prime; _module_preset=\u00a0\u00bbdefault\u00a0\u00bb width=\u00a0\u00bb3vw\u00a0\u00bb custom_margin=\u00a0\u00bb-1px||0px||false|false\u00a0\u00bb custom_padding=\u00a0\u00bb||0px||false|false\u00a0\u00bb global_colors_info=\u00a0\u00bb{}\u00a0\u00bb][\/et_pb_divider][et_pb_button button_text=\u00a0\u00bbComparer les taux\u00a0\u00bb module_class=\u00a0\u00bbrv_button closed\u00a0\u00bb _builder_version=\u00a0\u00bb4.27.2&Prime; _module_preset=\u00a0\u00bbdefault\u00a0\u00bb custom_button=\u00a0\u00bbon\u00a0\u00bb button_text_size=\u00a0\u00bb16px\u00a0\u00bb button_text_color=\u00a0\u00bb#FFFFFF\u00a0\u00bb button_bg_color=\u00a0\u00bb#ECB742&Prime; button_border_width=\u00a0\u00bb5px\u00a0\u00bb button_border_color=\u00a0\u00bb#ECB742&Prime; button_border_radius=\u00a0\u00bb30px\u00a0\u00bb button_font=\u00a0\u00bb|700|||||||\u00a0\u00bb custom_padding=\u00a0\u00bb||||false|false\u00a0\u00bb global_colors_info=\u00a0\u00bb{}\u00a0\u00bb][\/et_pb_button][et_pb_de_mach_filter_posts filter_update_type=\u00a0\u00bbupdate_field\u00a0\u00bb select2=\u00a0\u00bbon\u00a0\u00bb update_count_by_self=\u00a0\u00bboff\u00a0\u00bb filter_location=\u00a0\u00bbfullwidth\u00a0\u00bb hide_reset=\u00a0\u00bbon\u00a0\u00bb align_reset=\u00a0\u00bbright\u00a0\u00bb label_spacing=\u00a0\u00bb0px\u00a0\u00bb module_id=\u00a0\u00bbreveal\u00a0\u00bb _builder_version=\u00a0\u00bb4.27.2&Prime; _module_preset=\u00a0\u00bbdefault\u00a0\u00bb form_field_background_color=\u00a0\u00bb#f9f9f9&Prime; form_field_text_color=\u00a0\u00bb#0A0000&Prime; form_field_font=\u00a0\u00bb|600|||||||\u00a0\u00bb form_field_font_size=\u00a0\u00bb16px\u00a0\u00bb custom_reset_filter=\u00a0\u00bbon\u00a0\u00bb reset_filter_text_color=\u00a0\u00bb#FFFFFF\u00a0\u00bb reset_filter_bg_color=\u00a0\u00bb#ECB742&Prime; reset_filter_border_width=\u00a0\u00bb0px\u00a0\u00bb reset_filter_border_radius=\u00a0\u00bb8px\u00a0\u00bb reset_filter_font=\u00a0\u00bb|600|||||||\u00a0\u00bb reset_filter_custom_margin=\u00a0\u00bb15px||||false|false\u00a0\u00bb custom_filter_params=\u00a0\u00bbon\u00a0\u00bb filter_params_bg_color=\u00a0\u00bb#FACC1F\u00a0\u00bb width=\u00a0\u00bb130%\u00a0\u00bb width_tablet=\u00a0\u00bb200%\u00a0\u00bb width_phone=\u00a0\u00bbauto\u00a0\u00bb width_last_edited=\u00a0\u00bbon|phone\u00a0\u00bb max_width_tablet=\u00a0\u00bb\u00a0\u00bb max_width_phone=\u00a0\u00bb\u00a0\u00bb max_width_last_edited=\u00a0\u00bbon|tablet\u00a0\u00bb display_conditions=\u00a0\u00bbW10=\u00a0\u00bb custom_margin=\u00a0\u00bb||0px||false|false\u00a0\u00bb custom_margin_tablet=\u00a0\u00bb||0px||false|false\u00a0\u00bb custom_margin_phone=\u00a0\u00bb0px||0px||false|false\u00a0\u00bb custom_margin_last_edited=\u00a0\u00bbon|phone\u00a0\u00bb custom_padding=\u00a0\u00bb0px||0px||false|false\u00a0\u00bb locked=\u00a0\u00bboff\u00a0\u00bb global_colors_info=\u00a0\u00bb{}\u00a0\u00bb][et_pb_de_mach_search_posts_item filter_post_type=\u00a0\u00bbtaxonomy\u00a0\u00bb custom_tax_choose=\u00a0\u00bbfuel_surcharge_categorie\u00a0\u00bb post_type_choose=\u00a0\u00bbfuel-surcharge\u00a0\u00bb tax_sub_prefix=\u00a0\u00bb\u2022 \u00a0\u00bb show_label=\u00a0\u00bboff\u00a0\u00bb hide_empty_on_load_only=\u00a0\u00bbon\u00a0\u00bb hide_module_for_empty=\u00a0\u00bboff\u00a0\u00bb acf_filter_width=\u00a0\u00bbet_pb_column_1_2&Prime; field_id=\u00a0\u00bbField_1&Prime; select2=\u00a0\u00bbon\u00a0\u00bb select_placeholder=\u00a0\u00bbChoisir une date\u00a0\u00bb cat_sub_prefix=\u00a0\u00bb\u2022 \u00a0\u00bb _builder_version=\u00a0\u00bb4.27.2&Prime; _module_preset=\u00a0\u00bbdefault\u00a0\u00bb title_font_size=\u00a0\u00bb16px\u00a0\u00bb hover_enabled=\u00a0\u00bb0&Prime; global_colors_info=\u00a0\u00bb{}\u00a0\u00bb sticky_enabled=\u00a0\u00bb0&Prime;][\/et_pb_de_mach_search_posts_item][\/et_pb_de_mach_filter_posts][et_pb_de_mach_archive_loop post_type_choose=\u00a0\u00bbfuel_surcharge\u00a0\u00bb loop_layout=\u00a0\u00bb254&Prime; no_posts_layout=\u00a0\u00bb716&Prime; posts_number=\u00a0\u00bb1&Prime; disable_sticky_posts=\u00a0\u00bbon\u00a0\u00bb include_sticky_posts=\u00a0\u00bboff\u00a0\u00bb order_asc_desc=\u00a0\u00bbDESC\u00a0\u00bb sec_order_asc_desc=\u00a0\u00bbDESC\u00a0\u00bb columns=\u00a0\u00bb1&Prime; columns_tablet=\u00a0\u00bb1&Prime; module_id=\u00a0\u00bbreveal2&Prime; _builder_version=\u00a0\u00bb4.25.1&Prime; _module_preset=\u00a0\u00bbdefault\u00a0\u00bb width_tablet=\u00a0\u00bb\u00a0\u00bb width_phone=\u00a0\u00bb\u00a0\u00bb width_last_edited=\u00a0\u00bbon|phone\u00a0\u00bb max_width=\u00a0\u00bb550px\u00a0\u00bb custom_margin=\u00a0\u00bb-2vw||||false|false\u00a0\u00bb locked=\u00a0\u00bboff\u00a0\u00bb global_colors_info=\u00a0\u00bb{}\u00a0\u00bb][\/et_pb_de_mach_archive_loop][et_pb_code _builder_version=\u00a0\u00bb4.25.1&Prime; _module_preset=\u00a0\u00bbdefault\u00a0\u00bb global_colors_info=\u00a0\u00bb{}\u00a0\u00bb]<\/p>\n<style type=\"text\/css\"><!-- [et_pb_line_break_holder] -->.rv_button.closed:after {content:\"\\33\";}<!-- [et_pb_line_break_holder] -->.rv_button.opened:after{content:\"\\32\";}<!-- [et_pb_line_break_holder] --><\/style>\n<p><!-- [et_pb_line_break_holder] --><!-- [et_pb_line_break_holder] --><script type=\"text\/javascript\"><!-- [et_pb_line_break_holder] -->jQuery(document).ready(function() {<!-- [et_pb_line_break_holder] -->    \/\/ Hide the divs<!-- [et_pb_line_break_holder] -->    jQuery('#reveal, #reveal2').hide();<!-- [et_pb_line_break_holder] -->    <!-- [et_pb_line_break_holder] -->    jQuery('.rv_button').click(function(e) {<!-- [et_pb_line_break_holder] -->        e.preventDefault();<!-- [et_pb_line_break_holder] -->        <!-- [et_pb_line_break_holder] -->        \/\/ Toggle both divs<!-- [et_pb_line_break_holder] -->        jQuery('#reveal, #reveal2').slideToggle();<!-- [et_pb_line_break_holder] -->        <!-- [et_pb_line_break_holder] -->        \/\/ Toggle the button state<!-- [et_pb_line_break_holder] -->        jQuery('.rv_button').toggleClass('opened closed');<!-- [et_pb_line_break_holder] -->        <!-- [et_pb_line_break_holder] -->        \/\/ Check if the divs are visible<!-- [et_pb_line_break_holder] -->        if (jQuery('#reveal').is(':visible') && jQuery('#reveal2').is(':visible')) {<!-- [et_pb_line_break_holder] -->            \/\/ Hide the button if both divs are visible<!-- [et_pb_line_break_holder] -->            jQuery('.rv_button').hide();<!-- [et_pb_line_break_holder] -->            \/\/ Hide the other elements<!-- [et_pb_line_break_holder] -->            jQuery('#hide, #hide2').hide();<!-- [et_pb_line_break_holder] -->            <!-- [et_pb_line_break_holder] -->            \/\/ Add margin-top to the #down section based on screen width<!-- [et_pb_line_break_holder] -->            if (window.innerWidth > 1024) {<!-- [et_pb_line_break_holder] -->                \/\/ Desktop<!-- [et_pb_line_break_holder] -->                jQuery('#down').css('margin-top', '53px');<!-- [et_pb_line_break_holder] -->            } else if (window.innerWidth > 768 && window.innerWidth <= 1024) {<!-- [et_pb_line_break_holder] -->                \/\/ Tablet<!-- [et_pb_line_break_holder] -->                jQuery('#down').css('margin-top', '10vw');<!-- [et_pb_line_break_holder] -->            } else {<!-- [et_pb_line_break_holder] -->                \/\/ Mobile<!-- [et_pb_line_break_holder] -->                jQuery('#down').css('margin-top', '0');<!-- [et_pb_line_break_holder] -->            }<!-- [et_pb_line_break_holder] -->        } else {<!-- [et_pb_line_break_holder] -->            \/\/ Show the button if either div is hidden<!-- [et_pb_line_break_holder] -->            jQuery('.rv_button').show();<!-- [et_pb_line_break_holder] -->            \/\/ Show the other elements<!-- [et_pb_line_break_holder] -->            jQuery('#hide, #hide2').show();<!-- [et_pb_line_break_holder] -->            \/\/ Remove margin-top from the #down section<!-- [et_pb_line_break_holder] -->            jQuery('#down').css('margin-top', '0');<!-- [et_pb_line_break_holder] -->        }<!-- [et_pb_line_break_holder] -->    });<!-- [et_pb_line_break_holder] -->});<!-- [et_pb_line_break_holder] --><\/script><!-- [et_pb_line_break_holder] -->[\/et_pb_code][\/et_pb_column][\/et_pb_row][et_pb_row _builder_version=\u00a0\u00bb4.27.0&Prime; _module_preset=\u00a0\u00bbdefault\u00a0\u00bb width_tablet=\u00a0\u00bb80%\u00a0\u00bb width_phone=\u00a0\u00bb80%\u00a0\u00bb width_last_edited=\u00a0\u00bbon|tablet\u00a0\u00bb custom_margin=\u00a0\u00bb||0vw||false|false\u00a0\u00bb custom_padding=\u00a0\u00bb||75px||false|false\u00a0\u00bb locked=\u00a0\u00bboff\u00a0\u00bb global_colors_info=\u00a0\u00bb{}\u00a0\u00bb][et_pb_column type=\u00a0\u00bb4_4&Prime; _builder_version=\u00a0\u00bb4.25.0&Prime; _module_preset=\u00a0\u00bbdefault\u00a0\u00bb global_colors_info=\u00a0\u00bb{}\u00a0\u00bb][et_pb_text _builder_version=\u00a0\u00bb4.27.2&Prime; _module_preset=\u00a0\u00bbdefault\u00a0\u00bb text_text_color=\u00a0\u00bb#888888&Prime; global_colors_info=\u00a0\u00bb{}\u00a0\u00bb]<\/p>\n<p>Le suppl\u00e9ment de carburant r\u00e9el appliqu\u00e9 \u00e0 un envoi donn\u00e9 variera selon le fait que l\u2019envoi est une exp\u00e9dition de messagerie, un chargement partiel (LTL) avec un poids factur\u00e9 maximal de 9999Lbs (approx. 4536Kgs) ou un chargement complet (TL) avec un poids sup\u00e9rieur \u00e0 10 000Lbs (approx. 4536Kgs). Le suppl\u00e9ment pour carburant actualis\u00e9 figure sur la facture pour les envois pr\u00e9vue \u00e0 la date d\u2019entr\u00e9e en vigueur du nouveau taux. Le suppl\u00e9ment carburant a\u00e9rien est bas\u00e9 sur le taux de suppl\u00e9ment carburant en vigueur aupr\u00e8s de nos transporteurs a\u00e9riens.<\/p>\n<p>[\/et_pb_text][\/et_pb_column][\/et_pb_row][\/et_pb_section]<\/p>\n","protected":false},"excerpt":{"rendered":"<p><div class=\"et_pb_module dipl_double_color_heading dipl_double_color_heading_0 \">\n\t\t\t\t\n\t\t\t\t\n\t\t\t\t\n\t\t\t\t\n\t\t\t\t\n\t\t\t\t\n\t\t\t\t<div class=\"et_pb_module_inner\">\n\t\t\t\t\t<div class=\"dipl_text_wrapper\"><h2><span class=\"dipl_pre_text\">Suppl\u00e9ment pour<\/span><span class=\"dipl_main_text\">carburant<\/span><\/h2><\/div>\n\t\t\t\t<\/div>\n\t\t\t<\/div>Pour s\u2019assurer que les frais suppl\u00e9mentaires de carburant de Williams refl\u00e8te le mieux possible les co\u00fbts de service malgr\u00e9 les fluctuations du march\u00e9, il est fix\u00e9 sur une base hebdomadaire. Chaque lundi, un nouveau suppl\u00e9ment de carburant entre en vigueur, et il fluctue en fonction du prix du diesel publi\u00e9 le mardi pr\u00e9c\u00e9dent par Ressources naturelles Canada.Historique des suppl\u00e9mentsLe suppl\u00e9ment de carburant r\u00e9el appliqu\u00e9 \u00e0 un envoi donn\u00e9 variera selon le fait que l\u2019envoi est une exp\u00e9dition de messagerie, un chargement partiel (LTL) avec un poids factur\u00e9 maximal de 9999Lbs (approx. 4536Kgs) ou un chargement complet (TL) avec un poids sup\u00e9rieur \u00e0 10 000Lbs (approx. 4536Kgs). Le suppl\u00e9ment pour carburant actualis\u00e9 figure sur la facture pour les envois pr\u00e9vue \u00e0 la date d\u2019entr\u00e9e en vigueur du nouveau taux. Le suppl\u00e9ment carburant a\u00e9rien est bas\u00e9 sur le taux de suppl\u00e9ment carburant en vigueur aupr\u00e8s de nos transporteurs a\u00e9riens.<\/p>\n","protected":false},"author":1,"featured_media":0,"parent":0,"menu_order":0,"comment_status":"closed","ping_status":"closed","template":"","meta":{"_acf_changed":false,"_et_pb_use_builder":"on","_et_pb_old_content":"","_et_gb_content_width":"","footnotes":""},"class_list":["post-102182","page","type-page","status-publish","hentry"],"acf":[],"_links":{"self":[{"href":"https:\/\/williamspharma.ca\/fr\/wp-json\/wp\/v2\/pages\/102182","targetHints":{"allow":["GET"]}}],"collection":[{"href":"https:\/\/williamspharma.ca\/fr\/wp-json\/wp\/v2\/pages"}],"about":[{"href":"https:\/\/williamspharma.ca\/fr\/wp-json\/wp\/v2\/types\/page"}],"author":[{"embeddable":true,"href":"https:\/\/williamspharma.ca\/fr\/wp-json\/wp\/v2\/users\/1"}],"replies":[{"embeddable":true,"href":"https:\/\/williamspharma.ca\/fr\/wp-json\/wp\/v2\/comments?post=102182"}],"version-history":[{"count":5,"href":"https:\/\/williamspharma.ca\/fr\/wp-json\/wp\/v2\/pages\/102182\/revisions"}],"predecessor-version":[{"id":102192,"href":"https:\/\/williamspharma.ca\/fr\/wp-json\/wp\/v2\/pages\/102182\/revisions\/102192"}],"wp:attachment":[{"href":"https:\/\/williamspharma.ca\/fr\/wp-json\/wp\/v2\/media?parent=102182"}],"curies":[{"name":"wp","href":"https:\/\/api.w.org\/{rel}","templated":true}]}}